{"id":1810,"date":"2020-07-06T16:04:05","date_gmt":"2020-07-06T20:04:05","guid":{"rendered":"https:\/\/santecirclehealth.com\/invested-leadership\/"},"modified":"2022-08-12T16:14:47","modified_gmt":"2022-08-12T20:14:47","slug":"invested-leadership-fr","status":"publish","type":"page","link":"https:\/\/santecirclehealth.com\/fr\/invested-leadership-fr\/?lang=fr","title":{"rendered":"Leadership investi"},"content":{"rendered":"<div class=\"fusion-fullwidth fullwidth-box fusion-builder-row-1 nonhundred-percent-fullwidth non-hundred-percent-height-scrolling\" style=\"--awb-border-radius-top-left:0px;--awb-border-radius-top-right:0px;--awb-border-radius-bottom-right:0px;--awb-border-radius-bottom-left:0px;--awb-flex-wrap:wrap;\" ><div class=\"fusion-builder-row fusion-row\"><div class=\"fusion-layout-column fusion_builder_column fusion-builder-column-0 fusion_builder_column_1_1 1_1 fusion-one-full fusion-column-first fusion-column-last\" style=\"--awb-bg-size:cover;\"><div class=\"fusion-column-wrapper fusion-column-has-shadow fusion-flex-column-wrapper-legacy\"><div class=\"fusion-text fusion-text-1\"><h2 class=\"p1\" style=\"text-align: center;\"><strong><span class=\"s1\">Leadership investi<\/span><\/strong><\/h2>\n<\/div><div class=\"fusion-sep-clear\"><\/div><div class=\"fusion-separator fusion-full-width-sep\" style=\"margin-left: auto;margin-right: auto;margin-top:60px;margin-bottom:60px;width:100%;\"><div class=\"fusion-separator-border sep-double\" style=\"--awb-height:20px;--awb-amount:20px;border-color:#e2e2e2;border-top-width:1px;border-bottom-width:1px;\"><\/div><\/div><div class=\"fusion-sep-clear\"><\/div><div class=\"fusion-clearfix\"><\/div><\/div><\/div><div class=\"fusion-layout-column fusion_builder_column fusion-builder-column-1 fusion_builder_column_1_2 1_2 fusion-one-half fusion-column-first\" style=\"--awb-bg-size:cover;width:50%;width:calc(50% - ( ( 4% ) * 0.5 ) );margin-right: 4%;\"><div class=\"fusion-column-wrapper fusion-column-has-shadow fusion-flex-column-wrapper-legacy\"><div class=\"fusion-text fusion-text-2\"><h4><span style=\"color: #000000;\">Yvonne Chan<\/span><\/h4>\n<h6 class=\"p1\"><span style=\"color: #000000;\"><strong>Pr\u00e9sident et cheffe de la direction<\/strong><\/span><\/h6>\n<\/div><div class=\"fusion-sep-clear\"><\/div><div class=\"fusion-separator fusion-full-width-sep\" style=\"margin-left: auto;margin-right: auto;margin-top:30px;margin-bottom:30px;width:100%;\"><\/div><div class=\"fusion-sep-clear\"><\/div><div class=\"fusion-text fusion-text-3\"><h6 class=\"p1\"><span style=\"color: #000000;\"><strong>Strat\u00e9gique, avant-gardiste, authentique. <\/strong>Yvonne est reconnue \u00e0 titre d\u2019experte en gestion d\u2019invalidit\u00e9 depuis plus de 20 ans. Elle a \u00e9t\u00e9 la conseill\u00e8re de confiance en mati\u00e8re de sant\u00e9 de plusieurs industries et a supervis\u00e9 le retour en emploi r\u00e9ussi de dizaines de milliers de personnes. Elle s\u2019acquitte de sa mission gr\u00e2ce \u00e0 l\u2019\u00e9coute et \u00e0 la r\u00e9solution des probl\u00e8mes sous-jacents.<\/span><\/h6>\n<\/div><div class=\"fusion-sep-clear\"><\/div><div class=\"fusion-separator fusion-full-width-sep\" style=\"margin-left: auto;margin-right: auto;margin-top:30px;margin-bottom:30px;width:100%;\"><\/div><div class=\"fusion-sep-clear\"><\/div><div class=\"fusion-text fusion-text-4\"><p class=\"p1\"><span class=\"Apple-converted-space\">\u00a0<\/span>Linkedin profile: <a href=\"https:\/\/www.linkedin.com\/in\/yvonnechansante\/\">https:\/\/www.linkedin.com\/in\/yvonnechansante\/<\/a><\/p>\n<\/div><div class=\"fusion-clearfix\"><\/div><\/div><\/div><div class=\"fusion-layout-column fusion_builder_column fusion-builder-column-2 fusion_builder_column_1_2 1_2 fusion-one-half fusion-column-last\" style=\"--awb-bg-size:cover;width:50%;width:calc(50% - ( ( 4% ) * 0.5 ) );\"><div class=\"fusion-column-wrapper fusion-column-has-shadow fusion-flex-column-wrapper-legacy\"><div class=\"fusion-image-element fusion-image-align-center in-legacy-container\" style=\"text-align:center;--awb-caption-title-font-family:var(--h2_typography-font-family);--awb-caption-title-font-weight:var(--h2_typography-font-weight);--awb-caption-title-font-style:var(--h2_typography-font-style);--awb-caption-title-size:var(--h2_typography-font-size);--awb-caption-title-transform:var(--h2_typography-text-transform);--awb-caption-title-line-height:var(--h2_typography-line-height);--awb-caption-title-letter-spacing:var(--h2_typography-letter-spacing);\"><div class=\"imageframe-align-center\"><span class=\"fusion-imageframe imageframe-none imageframe-1 hover-type-none\" style=\"border:2px solid #e2e2e2;border-radius:50px;\"><img decoding=\"async\" width=\"300\" height=\"300\" title=\"Profile Photo_Wight-02\" src=\"https:\/\/santecirclehealth.com\/wp-content\/uploads\/2020\/07\/Profile-Photo_Wight-02-300x300.png\" alt class=\"img-responsive wp-image-1802\" srcset=\"https:\/\/santecirclehealth.com\/wp-content\/uploads\/2020\/07\/Profile-Photo_Wight-02-200x200.png 200w, https:\/\/santecirclehealth.com\/wp-content\/uploads\/2020\/07\/Profile-Photo_Wight-02-400x400.png 400w, https:\/\/santecirclehealth.com\/wp-content\/uploads\/2020\/07\/Profile-Photo_Wight-02-600x600.png 600w, https:\/\/santecirclehealth.com\/wp-content\/uploads\/2020\/07\/Profile-Photo_Wight-02-800x800.png 800w, https:\/\/santecirclehealth.com\/wp-content\/uploads\/2020\/07\/Profile-Photo_Wight-02-1200x1200.png 1200w, https:\/\/santecirclehealth.com\/wp-content\/uploads\/2020\/07\/Profile-Photo_Wight-02.png 1251w\" sizes=\"(max-width: 800px) 100vw, 600px\" \/><\/span><\/div><\/div><div class=\"fusion-clearfix\"><\/div><\/div><\/div><div class=\"fusion-layout-column fusion_builder_column fusion-builder-column-3 fusion_builder_column_1_1 1_1 fusion-one-full fusion-column-first fusion-column-last\" style=\"--awb-bg-size:cover;\"><div class=\"fusion-column-wrapper fusion-column-has-shadow fusion-flex-column-wrapper-legacy\"><div class=\"fusion-sep-clear\"><\/div><div class=\"fusion-separator fusion-full-width-sep\" style=\"margin-left: auto;margin-right: auto;margin-top:60px;margin-bottom:60px;width:100%;\"><div class=\"fusion-separator-border sep-double\" style=\"--awb-height:20px;--awb-amount:20px;border-color:#e2e2e2;border-top-width:1px;border-bottom-width:1px;\"><\/div><\/div><div class=\"fusion-sep-clear\"><\/div><div class=\"fusion-clearfix\"><\/div><\/div><\/div><div class=\"fusion-layout-column fusion_builder_column fusion-builder-column-4 fusion_builder_column_1_2 1_2 fusion-one-half fusion-column-first\" style=\"--awb-bg-size:cover;width:50%;width:calc(50% - ( ( 4% ) * 0.5 ) );margin-right: 4%;\"><div class=\"fusion-column-wrapper fusion-column-has-shadow fusion-flex-column-wrapper-legacy\"><div class=\"fusion-image-element fusion-image-align-center in-legacy-container\" style=\"text-align:center;--awb-caption-title-font-family:var(--h2_typography-font-family);--awb-caption-title-font-weight:var(--h2_typography-font-weight);--awb-caption-title-font-style:var(--h2_typography-font-style);--awb-caption-title-size:var(--h2_typography-font-size);--awb-caption-title-transform:var(--h2_typography-text-transform);--awb-caption-title-line-height:var(--h2_typography-line-height);--awb-caption-title-letter-spacing:var(--h2_typography-letter-spacing);\"><div class=\"imageframe-align-center\"><span class=\"fusion-imageframe imageframe-none imageframe-2 hover-type-none\" style=\"border:2px solid #e2e2e2;border-radius:50px;\"><img decoding=\"async\" width=\"300\" height=\"300\" title=\"Profile Photo_Wight-01\" src=\"https:\/\/santecirclehealth.com\/wp-content\/uploads\/2020\/07\/Profile-Photo_Wight-01-300x300.png\" alt class=\"img-responsive wp-image-1800\" srcset=\"https:\/\/santecirclehealth.com\/wp-content\/uploads\/2020\/07\/Profile-Photo_Wight-01-200x200.png 200w, https:\/\/santecirclehealth.com\/wp-content\/uploads\/2020\/07\/Profile-Photo_Wight-01-400x400.png 400w, https:\/\/santecirclehealth.com\/wp-content\/uploads\/2020\/07\/Profile-Photo_Wight-01-600x600.png 600w, https:\/\/santecirclehealth.com\/wp-content\/uploads\/2020\/07\/Profile-Photo_Wight-01-800x799.png 800w, https:\/\/santecirclehealth.com\/wp-content\/uploads\/2020\/07\/Profile-Photo_Wight-01-1200x1199.png 1200w, https:\/\/santecirclehealth.com\/wp-content\/uploads\/2020\/07\/Profile-Photo_Wight-01.png 1251w\" sizes=\"(max-width: 800px) 100vw, 600px\" \/><\/span><\/div><\/div><div class=\"fusion-clearfix\"><\/div><\/div><\/div><div class=\"fusion-layout-column fusion_builder_column fusion-builder-column-5 fusion_builder_column_1_2 1_2 fusion-one-half fusion-column-last\" style=\"--awb-bg-size:cover;width:50%;width:calc(50% - ( ( 4% ) * 0.5 ) );\"><div class=\"fusion-column-wrapper fusion-column-has-shadow fusion-flex-column-wrapper-legacy\"><div class=\"fusion-text fusion-text-5\"><h4 class=\"p2\"><span style=\"color: #000000;\">Debra Wight-Benjamin<\/span><\/h4>\n<h6 class=\"p2\"><span style=\"color: #000000;\"><strong><span class=\"s1\">Directrice des Services d\u2019Invalidit\u00e9s<\/span><\/strong><\/span><\/h6>\n<\/div><div class=\"fusion-sep-clear\"><\/div><div class=\"fusion-separator fusion-full-width-sep\" style=\"margin-left: auto;margin-right: auto;margin-top:30px;margin-bottom:30px;width:100%;\"><\/div><div class=\"fusion-sep-clear\"><\/div><div class=\"fusion-text fusion-text-6\"><h6 class=\"p2\"><span style=\"color: #000000;\"><strong>D\u00e9di\u00e9e, compatissante et bienveillante.<\/strong> Debra est une meneuse accomplie, reconnue pour son expertise en sant\u00e9, s\u00e9curit\u00e9, pr\u00e9vention, bien-\u00eatre, sant\u00e9 mentale et retour en emploi. Depuis plus de 20 ans, elle contribue \u00e0 la transformation d\u2019organisations &#8211; tant du secteur public que priv\u00e9 &#8211; par le biais d\u2019activit\u00e9s strat\u00e9giques mettant l\u2019accent sur la promotion de la sant\u00e9, de la s\u00e9curit\u00e9 et du soutien mutuel dans les cultures organisationnelles.<\/span><\/h6>\n<\/div><div class=\"fusion-sep-clear\"><\/div><div class=\"fusion-separator fusion-full-width-sep\" style=\"margin-left: auto;margin-right: auto;margin-top:30px;margin-bottom:30px;width:100%;\"><\/div><div class=\"fusion-sep-clear\"><\/div><div class=\"fusion-text fusion-text-7\"><p class=\"p2\">Linkedin Profile: <a href=\"https:\/\/www.linkedin.com\/in\/debrawight\/\">https:\/\/www.linkedin.com\/in\/debrawight\/\u00a0<\/a><\/p>\n<\/div><div class=\"fusion-clearfix\"><\/div><\/div><\/div><div class=\"fusion-layout-column fusion_builder_column fusion-builder-column-6 fusion_builder_column_1_1 1_1 fusion-one-full fusion-column-first fusion-column-last\" style=\"--awb-bg-size:cover;\"><div class=\"fusion-column-wrapper fusion-column-has-shadow fusion-flex-column-wrapper-legacy\"><div class=\"fusion-sep-clear\"><\/div><div class=\"fusion-separator fusion-full-width-sep\" style=\"margin-left: auto;margin-right: auto;margin-top:60px;margin-bottom:60px;width:100%;\"><div class=\"fusion-separator-border sep-double\" style=\"--awb-height:20px;--awb-amount:20px;border-color:#e2e2e2;border-top-width:1px;border-bottom-width:1px;\"><\/div><\/div><div class=\"fusion-sep-clear\"><\/div><div class=\"fusion-clearfix\"><\/div><\/div><\/div><div class=\"fusion-layout-column fusion_builder_column fusion-builder-column-7 fusion_builder_column_1_2 1_2 fusion-one-half fusion-column-first\" style=\"--awb-bg-size:cover;width:50%;width:calc(50% - ( ( 4% ) * 0.5 ) );margin-right: 4%;\"><div class=\"fusion-column-wrapper fusion-column-has-shadow fusion-flex-column-wrapper-legacy\"><div class=\"fusion-text fusion-text-8\"><h4 class=\"fusion-responsive-typography-calculated\" data-fontsize=\"24\" data-lineheight=\"28.8px\"><span style=\"color: #000000;\">Tara Emick, OT Reg. (Ont.)<\/span><\/h4>\n<h6 class=\"fusion-responsive-typography-calculated\" data-fontsize=\"16\" data-lineheight=\"22.4px\"><span style=\"color: #000000;\"><strong>Directrice des Service Cliniques<\/strong><\/span><\/h6>\n<\/div><div class=\"fusion-sep-clear\"><\/div><div class=\"fusion-separator fusion-full-width-sep\" style=\"margin-left: auto;margin-right: auto;margin-top:30px;margin-bottom:30px;width:100%;\"><\/div><div class=\"fusion-sep-clear\"><\/div><div class=\"fusion-text fusion-text-9\"><div class=\"fusion-text fusion-text-9\">\n<h6 class=\"fusion-responsive-typography-calculated\" data-fontsize=\"16\" data-lineheight=\"22.4px\"><span style=\"color: #000000;\"><strong>Digne de confiance, empathique\u00a0et \u00e0 l&#8217;\u00e9coute.<\/strong> Avec plus de 20 ans d&#8217;exp\u00e9rience clinique, Tara est devenue une experte dans la prestation de services d&#8217;ergoth\u00e9rapie distingu\u00e9s. Tara a cr\u00e9\u00e9 la soci\u00e9t\u00e9 de gestion de l&#8217;invalidit\u00e9, onTrack Occupational Therapy Services en 2004, afin d&#8217;appliquer une approche holistique pour aider les travailleurs malades ou bless\u00e9s \u00e0 retrouver un fonctionnement optimal, \u00e0 la maison et au travail. Tara et son \u00e9quipe sont fiers de fournir des soins attentionn\u00e9s \u00e0 leurs clients.<\/span><\/h6>\n<\/div>\n<\/div><div class=\"fusion-sep-clear\"><\/div><div class=\"fusion-separator fusion-full-width-sep\" style=\"margin-left: auto;margin-right: auto;margin-top:30px;margin-bottom:30px;width:100%;\"><\/div><div class=\"fusion-sep-clear\"><\/div><div class=\"fusion-text fusion-text-10\"><p class=\"fusion-responsive-typography-calculated\" data-fontsize=\"24\" data-lineheight=\"28.8px\">Linkedin Profile:\u00a0<a href=\"https:\/\/www.linkedin.com\/in\/tara-emick-6b5866a1\/\">https:\/\/www.linkedin.com\/in\/tara-emick-6b5866a1\/<\/a><\/p>\n<\/div><div class=\"fusion-clearfix\"><\/div><\/div><\/div><div class=\"fusion-layout-column fusion_builder_column fusion-builder-column-8 fusion_builder_column_1_2 1_2 fusion-one-half fusion-column-last\" style=\"--awb-bg-size:cover;width:50%;width:calc(50% - ( ( 4% ) * 0.5 ) );\"><div class=\"fusion-column-wrapper fusion-column-has-shadow fusion-flex-column-wrapper-legacy\"><div class=\"fusion-image-element fusion-image-align-center in-legacy-container\" style=\"text-align:center;--awb-caption-title-font-family:var(--h2_typography-font-family);--awb-caption-title-font-weight:var(--h2_typography-font-weight);--awb-caption-title-font-style:var(--h2_typography-font-style);--awb-caption-title-size:var(--h2_typography-font-size);--awb-caption-title-transform:var(--h2_typography-text-transform);--awb-caption-title-line-height:var(--h2_typography-line-height);--awb-caption-title-letter-spacing:var(--h2_typography-letter-spacing);\"><div class=\"imageframe-align-center\"><span class=\"fusion-imageframe imageframe-none imageframe-3 hover-type-none\" style=\"border:2px solid #e2e2e2;border-radius:50px;\"><img decoding=\"async\" width=\"300\" height=\"300\" title=\"Tara-1-01\" src=\"https:\/\/santecirclehealth.com\/wp-content\/uploads\/2022\/08\/Tara-1-01-300x300.png\" alt class=\"img-responsive wp-image-2836\" srcset=\"https:\/\/santecirclehealth.com\/wp-content\/uploads\/2022\/08\/Tara-1-01-200x200.png 200w, https:\/\/santecirclehealth.com\/wp-content\/uploads\/2022\/08\/Tara-1-01.png 313w\" sizes=\"(max-width: 800px) 100vw, 300px\" \/><\/span><\/div><\/div><div class=\"fusion-clearfix\"><\/div><\/div><\/div><\/div><\/div>","protected":false},"excerpt":{"rendered":"","protected":false},"author":1,"featured_media":0,"parent":0,"menu_order":0,"comment_status":"closed","ping_status":"closed","template":"","meta":{"footnotes":""},"class_list":["post-1810","page","type-page","status-publish","hentry"],"yoast_head":"<!-- This site is optimized with the Yoast SEO Premium plugin v26.6 (Yoast SEO v26.6) - https:\/\/yoast.com\/wordpress\/plugins\/seo\/ -->\n<title>Leadership investi - Sante Circle Health<\/title>\n<meta name=\"description\" content=\"Invested Leadership\" \/>\n<meta name=\"robots\" content=\"index, follow, max-snippet:-1, max-image-preview:large, max-video-preview:-1\" \/>\n<link rel=\"canonical\" href=\"\/fr\/https:\/\/santecirclehealth.com\/fr\/invested-leadership-fr\/?lang=fr\/\" \/>\n<meta property=\"og:locale\" content=\"fr_FR\" \/>\n<meta property=\"og:type\" content=\"article\" \/>\n<meta property=\"og:title\" content=\"Leadership investi\" \/>\n<meta property=\"og:description\" content=\"Invested Leadership\" \/>\n<meta property=\"og:url\" content=\"\/fr\/https:\/\/santecirclehealth.com\/fr\/invested-leadership-fr\/?lang=fr\/\" \/>\n<meta property=\"og:site_name\" content=\"Sante Circle Health\" \/>\n<meta property=\"article:publisher\" content=\"https:\/\/www.facebook.com\/people\/Sant-Circle-Health\/100064844659711\/\" \/>\n<meta property=\"article:modified_time\" content=\"2022-08-12T20:14:47+00:00\" \/>\n<meta name=\"twitter:card\" content=\"summary_large_image\" \/>\n<meta name=\"twitter:label1\" content=\"Dur\u00e9e de lecture estim\u00e9e\" \/>\n\t<meta name=\"twitter:data1\" content=\"5 minutes\" \/>\n<script type=\"application\/ld+json\" class=\"yoast-schema-graph\">{\"@context\":\"https:\/\/schema.org\",\"@graph\":[{\"@type\":\"WebPage\",\"@id\":\"https:\/\/santecirclehealth.com\/fr\/invested-leadership-fr\/?lang=fr\",\"url\":\"https:\/\/santecirclehealth.com\/fr\/invested-leadership-fr\/?lang=fr\",\"name\":\"Leadership investi - Sante Circle Health\",\"isPartOf\":{\"@id\":\"https:\/\/santecirclehealth.com\/?lang=fr#website\"},\"datePublished\":\"2020-07-06T20:04:05+00:00\",\"dateModified\":\"2022-08-12T20:14:47+00:00\",\"description\":\"Invested Leadership\",\"breadcrumb\":{\"@id\":\"https:\/\/santecirclehealth.com\/fr\/invested-leadership-fr\/?lang=fr#breadcrumb\"},\"inLanguage\":\"fr-FR\",\"potentialAction\":[{\"@type\":\"ReadAction\",\"target\":[\"https:\/\/santecirclehealth.com\/fr\/invested-leadership-fr\/?lang=fr\"]}]},{\"@type\":\"BreadcrumbList\",\"@id\":\"https:\/\/santecirclehealth.com\/fr\/invested-leadership-fr\/?lang=fr#breadcrumb\",\"itemListElement\":[{\"@type\":\"ListItem\",\"position\":1,\"name\":\"Home\",\"item\":\"https:\/\/santecirclehealth.com\/fr\/?lang=fr\"},{\"@type\":\"ListItem\",\"position\":2,\"name\":\"Leadership investi\"}]},{\"@type\":\"WebSite\",\"@id\":\"https:\/\/santecirclehealth.com\/?lang=fr#website\",\"url\":\"https:\/\/santecirclehealth.com\/?lang=fr\",\"name\":\"Sante Circle Health\",\"description\":\"Health Care\",\"publisher\":{\"@id\":\"https:\/\/santecirclehealth.com\/?lang=fr#organization\"},\"potentialAction\":[{\"@type\":\"SearchAction\",\"target\":{\"@type\":\"EntryPoint\",\"urlTemplate\":\"https:\/\/santecirclehealth.com\/?lang=fr?s={search_term_string}\"},\"query-input\":{\"@type\":\"PropertyValueSpecification\",\"valueRequired\":true,\"valueName\":\"search_term_string\"}}],\"inLanguage\":\"fr-FR\"},{\"@type\":\"Organization\",\"@id\":\"https:\/\/santecirclehealth.com\/?lang=fr#organization\",\"name\":\"Sante Circle Health\",\"url\":\"https:\/\/santecirclehealth.com\/?lang=fr\",\"logo\":{\"@type\":\"ImageObject\",\"inLanguage\":\"fr-FR\",\"@id\":\"https:\/\/santecirclehealth.com\/?lang=fr#\/schema\/logo\/image\/\",\"url\":\"https:\/\/santecirclehealth.com\/wp-content\/uploads\/2023\/04\/Logo-long-with-circle-on-left.png\",\"contentUrl\":\"https:\/\/santecirclehealth.com\/wp-content\/uploads\/2023\/04\/Logo-long-with-circle-on-left.png\",\"width\":329,\"height\":68,\"caption\":\"Sante Circle Health\"},\"image\":{\"@id\":\"https:\/\/santecirclehealth.com\/?lang=fr#\/schema\/logo\/image\/\"},\"sameAs\":[\"https:\/\/www.facebook.com\/people\/Sant-Circle-Health\/100064844659711\/\"]}]}<\/script>\n<!-- \/ Yoast SEO Premium plugin. -->","yoast_head_json":{"title":"Leadership investi - Sante Circle Health","description":"Invested Leadership","robots":{"index":"index","follow":"follow","max-snippet":"max-snippet:-1","max-image-preview":"max-image-preview:large","max-video-preview":"max-video-preview:-1"},"canonical":"\/fr\/https:\/\/santecirclehealth.com\/fr\/invested-leadership-fr\/?lang=fr\/","og_locale":"fr_FR","og_type":"article","og_title":"Leadership investi","og_description":"Invested Leadership","og_url":"\/fr\/https:\/\/santecirclehealth.com\/fr\/invested-leadership-fr\/?lang=fr\/","og_site_name":"Sante Circle Health","article_publisher":"https:\/\/www.facebook.com\/people\/Sant-Circle-Health\/100064844659711\/","article_modified_time":"2022-08-12T20:14:47+00:00","twitter_card":"summary_large_image","twitter_misc":{"Dur\u00e9e de lecture estim\u00e9e":"5 minutes"},"schema":{"@context":"https:\/\/schema.org","@graph":[{"@type":"WebPage","@id":"https:\/\/santecirclehealth.com\/fr\/invested-leadership-fr\/?lang=fr","url":"https:\/\/santecirclehealth.com\/fr\/invested-leadership-fr\/?lang=fr","name":"Leadership investi - Sante Circle Health","isPartOf":{"@id":"https:\/\/santecirclehealth.com\/?lang=fr#website"},"datePublished":"2020-07-06T20:04:05+00:00","dateModified":"2022-08-12T20:14:47+00:00","description":"Invested Leadership","breadcrumb":{"@id":"https:\/\/santecirclehealth.com\/fr\/invested-leadership-fr\/?lang=fr#breadcrumb"},"inLanguage":"fr-FR","potentialAction":[{"@type":"ReadAction","target":["https:\/\/santecirclehealth.com\/fr\/invested-leadership-fr\/?lang=fr"]}]},{"@type":"BreadcrumbList","@id":"https:\/\/santecirclehealth.com\/fr\/invested-leadership-fr\/?lang=fr#breadcrumb","itemListElement":[{"@type":"ListItem","position":1,"name":"Home","item":"https:\/\/santecirclehealth.com\/fr\/?lang=fr"},{"@type":"ListItem","position":2,"name":"Leadership investi"}]},{"@type":"WebSite","@id":"https:\/\/santecirclehealth.com\/?lang=fr#website","url":"https:\/\/santecirclehealth.com\/?lang=fr","name":"Sante Circle Health","description":"Health Care","publisher":{"@id":"https:\/\/santecirclehealth.com\/?lang=fr#organization"},"potentialAction":[{"@type":"SearchAction","target":{"@type":"EntryPoint","urlTemplate":"https:\/\/santecirclehealth.com\/?lang=fr?s={search_term_string}"},"query-input":{"@type":"PropertyValueSpecification","valueRequired":true,"valueName":"search_term_string"}}],"inLanguage":"fr-FR"},{"@type":"Organization","@id":"https:\/\/santecirclehealth.com\/?lang=fr#organization","name":"Sante Circle Health","url":"https:\/\/santecirclehealth.com\/?lang=fr","logo":{"@type":"ImageObject","inLanguage":"fr-FR","@id":"https:\/\/santecirclehealth.com\/?lang=fr#\/schema\/logo\/image\/","url":"https:\/\/santecirclehealth.com\/wp-content\/uploads\/2023\/04\/Logo-long-with-circle-on-left.png","contentUrl":"https:\/\/santecirclehealth.com\/wp-content\/uploads\/2023\/04\/Logo-long-with-circle-on-left.png","width":329,"height":68,"caption":"Sante Circle Health"},"image":{"@id":"https:\/\/santecirclehealth.com\/?lang=fr#\/schema\/logo\/image\/"},"sameAs":["https:\/\/www.facebook.com\/people\/Sant-Circle-Health\/100064844659711\/"]}]}},"_links":{"self":[{"href":"https:\/\/santecirclehealth.com\/fr\/wp-json\/wp\/v2\/pages\/1810","targetHints":{"allow":["GET"]}}],"collection":[{"href":"https:\/\/santecirclehealth.com\/fr\/wp-json\/wp\/v2\/pages"}],"about":[{"href":"https:\/\/santecirclehealth.com\/fr\/wp-json\/wp\/v2\/types\/page"}],"author":[{"embeddable":true,"href":"https:\/\/santecirclehealth.com\/fr\/wp-json\/wp\/v2\/users\/1"}],"replies":[{"embeddable":true,"href":"https:\/\/santecirclehealth.com\/fr\/wp-json\/wp\/v2\/comments?post=1810"}],"version-history":[{"count":0,"href":"https:\/\/santecirclehealth.com\/fr\/wp-json\/wp\/v2\/pages\/1810\/revisions"}],"wp:attachment":[{"href":"https:\/\/santecirclehealth.com\/fr\/wp-json\/wp\/v2\/media?parent=1810"}],"curies":[{"name":"wp","href":"https:\/\/api.w.org\/{rel}","templated":true}]}}