{"id":2110,"date":"2020-07-27T21:47:48","date_gmt":"2020-07-28T01:47:48","guid":{"rendered":"https:\/\/santecirclehealth.com\/invalidite-a-court-terme\/"},"modified":"2023-12-13T12:41:19","modified_gmt":"2023-12-13T17:41:19","slug":"ergotherapie","status":"publish","type":"page","link":"https:\/\/santecirclehealth.com\/fr\/ergotherapie\/?lang=fr","title":{"rendered":"Ergoth\u00e9rapie"},"content":{"rendered":"<div class=\"fusion-fullwidth fullwidth-box fusion-builder-row-1 fusion-flex-container nonhundred-percent-fullwidth non-hundred-percent-height-scrolling\" style=\"--awb-border-radius-top-left:0px;--awb-border-radius-top-right:0px;--awb-border-radius-bottom-right:0px;--awb-border-radius-bottom-left:0px;--awb-flex-wrap:wrap;\" ><div class=\"fusion-builder-row fusion-row fusion-flex-align-items-flex-start fusion-flex-content-wrap\" style=\"max-width:1248px;margin-left: calc(-4% \/ 2 );margin-right: calc(-4% \/ 2 );\"><div class=\"fusion-layout-column fusion_builder_column fusion-builder-column-0 fusion_builder_column_1_1 1_1 fusion-flex-column\" style=\"--awb-bg-size:cover;--awb-width-large:100%;--awb-margin-top-large:0px;--awb-spacing-right-large:1.92%;--awb-margin-bottom-large:20px;--awb-spacing-left-large:1.92%;--awb-width-medium:100%;--awb-order-medium:0;--awb-spacing-right-medium:1.92%;--awb-spacing-left-medium:1.92%;--awb-width-small:100%;--awb-order-small:0;--awb-spacing-right-small:1.92%;--awb-spacing-left-small:1.92%;\"><div class=\"fusion-column-wrapper fusion-column-has-shadow fusion-flex-justify-content-flex-start fusion-content-layout-column\"><div class=\"fusion-text fusion-text-1\" style=\"--awb-content-alignment:left;\"><h2 class=\"p1\"><span class=\"s1\">Ergoth\u00e9rapie<\/span><\/h2>\n<\/div><div class=\"fusion-separator fusion-full-width-sep\" style=\"align-self: center;margin-left: auto;margin-right: auto;margin-bottom:50px;width:100%;\"><\/div><div class=\"fusion-text fusion-text-2\" style=\"--awb-content-alignment:left;\"><h5 class=\"p1\"><span class=\"s1\">L&#8217;ergoth\u00e9rapie a une approche holistique pour \u00e9valuer et traiter les personnes malades ou bless\u00e9es.<\/span><\/h5>\n<h5 class=\"p1\"><span class=\"s1\">Ces professionnels de la sant\u00e9 \u00e9valuent comment les capacit\u00e9s d&#8217;une personne affectent ses activit\u00e9s et traitent l&#8217;individu par une utilisation th\u00e9rapeutique de ses activit\u00e9s quotidiennes \u00e0 la maison et au travail.<\/span><\/h5>\n<h5 class=\"p1\"><span class=\"s1\">L\u2019ergoth\u00e9rapie peut vous aider dans les cas suivants :<\/span><\/h5>\n<\/div><div class=\"fusion-separator fusion-full-width-sep\" style=\"align-self: center;margin-left: auto;margin-right: auto;margin-top:0px;margin-bottom:30px;width:100%;\"><\/div><ul style=\"--awb-line-height:27.2px;--awb-icon-width:27.2px;--awb-icon-height:27.2px;--awb-icon-margin:11.2px;--awb-content-margin:38.4px;--awb-circlecolor:#65bc7b;--awb-circle-yes-font-size:14.08px;\" class=\"fusion-checklist fusion-checklist-1 fusion-checklist-default type-icons\"><li class=\"fusion-li-item\" style=\"\"><span class=\"icon-wrapper circle-yes\"><i class=\"fusion-li-icon fa-check fas\" aria-hidden=\"true\"><\/i><\/span><div class=\"fusion-li-item-content\">\n<h5><span class=\"s2\">\u00c9valuation et traitement des mains et des membres sup\u00e9rieurs<\/span><\/h5>\n<\/div><\/li><li class=\"fusion-li-item\" style=\"\"><span class=\"icon-wrapper circle-yes\"><i class=\"fusion-li-icon fa-check fas\" aria-hidden=\"true\"><\/i><\/span><div class=\"fusion-li-item-content\">\n<h5><span class=\"s2\">\u00c9valuations des capacit\u00e9s fonctionnelles &#8211; comportement physique et cognitivo-comportemental<\/span><\/h5>\n<\/div><\/li><li class=\"fusion-li-item\" style=\"\"><span class=\"icon-wrapper circle-yes\"><i class=\"fusion-li-icon fa-check fas\" aria-hidden=\"true\"><\/i><\/span><div class=\"fusion-li-item-content\">\n<h5><span class=\"s2\">Coaching professionnel &#8211; sant\u00e9 physique, cognitive, sensorielle et mentale<\/span><\/h5>\n<\/div><\/li><li class=\"fusion-li-item\" style=\"\"><span class=\"icon-wrapper circle-yes\"><i class=\"fusion-li-icon fa-check fas\" aria-hidden=\"true\"><\/i><\/span><div class=\"fusion-li-item-content\">\n<h5><span class=\"s2\">Conseil en sant\u00e9 mentale\u00a0\u2013 Th\u00e9rapie cognitivo-comportementale et th\u00e9rapie de traitement cognitif<\/span><\/h5>\n<\/div><\/li><li class=\"fusion-li-item\" style=\"\"><span class=\"icon-wrapper circle-yes\"><i class=\"fusion-li-icon fa-check fas\" aria-hidden=\"true\"><\/i><\/span><div class=\"fusion-li-item-content\">\n<h5><span class=\"s2\">Attelles &#8211; attelles personnalis\u00e9es pour les mains et les membres sup\u00e9rieurs<\/span><\/h5>\n<\/div><\/li><li class=\"fusion-li-item\" style=\"\"><span class=\"icon-wrapper circle-yes\"><i class=\"fusion-li-icon fa-check fas\" aria-hidden=\"true\"><\/i><\/span><div class=\"fusion-li-item-content\">\n<h5><span class=\"s2\">\u00c9valuations de l&#8217;ad\u00e9quation \u00e0 l&#8217;emploi\/d\u2019accommodation<\/span><\/h5>\n<\/div><\/li><\/ul><div class=\"fusion-separator fusion-full-width-sep\" style=\"align-self: center;margin-left: auto;margin-right: auto;margin-top:0px;margin-bottom:30px;width:100%;\"><\/div><div class=\"fusion-text fusion-text-3\" style=\"--awb-content-alignment:left;\"><h5 class=\"p1\"><span class=\"s1\">Nos cliniciens sont form\u00e9s pour effectuer ces \u00e9valuations et interventions en milieu de travail afin d&#8217;assurer des r\u00e9sultats significatifs lorsqu&#8217;ils aident une personne \u00e0 g\u00e9rer son s\u00e9jour au travail, le processus de retour au travail et son bien-\u00eatre g\u00e9n\u00e9ral.<\/span><\/h5>\n<\/div><\/div><\/div><\/div><\/div>","protected":false},"excerpt":{"rendered":"","protected":false},"author":1,"featured_media":0,"parent":0,"menu_order":0,"comment_status":"closed","ping_status":"closed","template":"","meta":{"footnotes":""},"class_list":["post-2110","page","type-page","status-publish","hentry"],"yoast_head":"<!-- This site is optimized with the Yoast SEO Premium plugin v26.6 (Yoast SEO v26.6) - https:\/\/yoast.com\/wordpress\/plugins\/seo\/ -->\n<title>Ergoth\u00e9rapie - Sante Circle Health<\/title>\n<meta name=\"description\" content=\"Invalidit\u00e9 \u00e0 court terme\" \/>\n<meta name=\"robots\" content=\"index, follow, max-snippet:-1, max-image-preview:large, max-video-preview:-1\" \/>\n<link rel=\"canonical\" href=\"\/fr\/https:\/\/santecirclehealth.com\/fr\/ergotherapie\/?lang=fr\/\" \/>\n<meta property=\"og:locale\" content=\"fr_FR\" \/>\n<meta property=\"og:type\" content=\"article\" \/>\n<meta property=\"og:title\" content=\"Ergoth\u00e9rapie\" \/>\n<meta property=\"og:description\" content=\"Invalidit\u00e9 \u00e0 court terme\" \/>\n<meta property=\"og:url\" content=\"\/fr\/https:\/\/santecirclehealth.com\/fr\/ergotherapie\/?lang=fr\/\" \/>\n<meta property=\"og:site_name\" content=\"Sante Circle Health\" \/>\n<meta property=\"article:publisher\" content=\"https:\/\/www.facebook.com\/people\/Sant-Circle-Health\/100064844659711\/\" \/>\n<meta property=\"article:modified_time\" content=\"2023-12-13T17:41:19+00:00\" \/>\n<meta name=\"twitter:card\" content=\"summary_large_image\" \/>\n<meta name=\"twitter:label1\" content=\"Dur\u00e9e de lecture estim\u00e9e\" \/>\n\t<meta name=\"twitter:data1\" content=\"1 minute\" \/>\n<script type=\"application\/ld+json\" class=\"yoast-schema-graph\">{\"@context\":\"https:\/\/schema.org\",\"@graph\":[{\"@type\":\"WebPage\",\"@id\":\"https:\/\/santecirclehealth.com\/fr\/ergotherapie\/?lang=fr\",\"url\":\"https:\/\/santecirclehealth.com\/fr\/ergotherapie\/?lang=fr\",\"name\":\"Ergoth\u00e9rapie - Sante Circle Health\",\"isPartOf\":{\"@id\":\"https:\/\/santecirclehealth.com\/?lang=fr#website\"},\"datePublished\":\"2020-07-28T01:47:48+00:00\",\"dateModified\":\"2023-12-13T17:41:19+00:00\",\"description\":\"Invalidit\u00e9 \u00e0 court terme\",\"breadcrumb\":{\"@id\":\"https:\/\/santecirclehealth.com\/fr\/ergotherapie\/?lang=fr#breadcrumb\"},\"inLanguage\":\"fr-FR\",\"potentialAction\":[{\"@type\":\"ReadAction\",\"target\":[\"https:\/\/santecirclehealth.com\/fr\/ergotherapie\/?lang=fr\"]}]},{\"@type\":\"BreadcrumbList\",\"@id\":\"https:\/\/santecirclehealth.com\/fr\/ergotherapie\/?lang=fr#breadcrumb\",\"itemListElement\":[{\"@type\":\"ListItem\",\"position\":1,\"name\":\"Home\",\"item\":\"https:\/\/santecirclehealth.com\/fr\/?lang=fr\"},{\"@type\":\"ListItem\",\"position\":2,\"name\":\"Ergoth\u00e9rapie\"}]},{\"@type\":\"WebSite\",\"@id\":\"https:\/\/santecirclehealth.com\/?lang=fr#website\",\"url\":\"https:\/\/santecirclehealth.com\/?lang=fr\",\"name\":\"Sante Circle Health\",\"description\":\"Health Care\",\"publisher\":{\"@id\":\"https:\/\/santecirclehealth.com\/?lang=fr#organization\"},\"potentialAction\":[{\"@type\":\"SearchAction\",\"target\":{\"@type\":\"EntryPoint\",\"urlTemplate\":\"https:\/\/santecirclehealth.com\/?lang=fr?s={search_term_string}\"},\"query-input\":{\"@type\":\"PropertyValueSpecification\",\"valueRequired\":true,\"valueName\":\"search_term_string\"}}],\"inLanguage\":\"fr-FR\"},{\"@type\":\"Organization\",\"@id\":\"https:\/\/santecirclehealth.com\/?lang=fr#organization\",\"name\":\"Sante Circle Health\",\"url\":\"https:\/\/santecirclehealth.com\/?lang=fr\",\"logo\":{\"@type\":\"ImageObject\",\"inLanguage\":\"fr-FR\",\"@id\":\"https:\/\/santecirclehealth.com\/?lang=fr#\/schema\/logo\/image\/\",\"url\":\"https:\/\/santecirclehealth.com\/wp-content\/uploads\/2023\/04\/Logo-long-with-circle-on-left.png\",\"contentUrl\":\"https:\/\/santecirclehealth.com\/wp-content\/uploads\/2023\/04\/Logo-long-with-circle-on-left.png\",\"width\":329,\"height\":68,\"caption\":\"Sante Circle Health\"},\"image\":{\"@id\":\"https:\/\/santecirclehealth.com\/?lang=fr#\/schema\/logo\/image\/\"},\"sameAs\":[\"https:\/\/www.facebook.com\/people\/Sant-Circle-Health\/100064844659711\/\"]}]}<\/script>\n<!-- \/ Yoast SEO Premium plugin. -->","yoast_head_json":{"title":"Ergoth\u00e9rapie - Sante Circle Health","description":"Invalidit\u00e9 \u00e0 court terme","robots":{"index":"index","follow":"follow","max-snippet":"max-snippet:-1","max-image-preview":"max-image-preview:large","max-video-preview":"max-video-preview:-1"},"canonical":"\/fr\/https:\/\/santecirclehealth.com\/fr\/ergotherapie\/?lang=fr\/","og_locale":"fr_FR","og_type":"article","og_title":"Ergoth\u00e9rapie","og_description":"Invalidit\u00e9 \u00e0 court terme","og_url":"\/fr\/https:\/\/santecirclehealth.com\/fr\/ergotherapie\/?lang=fr\/","og_site_name":"Sante Circle Health","article_publisher":"https:\/\/www.facebook.com\/people\/Sant-Circle-Health\/100064844659711\/","article_modified_time":"2023-12-13T17:41:19+00:00","twitter_card":"summary_large_image","twitter_misc":{"Dur\u00e9e de lecture estim\u00e9e":"1 minute"},"schema":{"@context":"https:\/\/schema.org","@graph":[{"@type":"WebPage","@id":"https:\/\/santecirclehealth.com\/fr\/ergotherapie\/?lang=fr","url":"https:\/\/santecirclehealth.com\/fr\/ergotherapie\/?lang=fr","name":"Ergoth\u00e9rapie - Sante Circle Health","isPartOf":{"@id":"https:\/\/santecirclehealth.com\/?lang=fr#website"},"datePublished":"2020-07-28T01:47:48+00:00","dateModified":"2023-12-13T17:41:19+00:00","description":"Invalidit\u00e9 \u00e0 court terme","breadcrumb":{"@id":"https:\/\/santecirclehealth.com\/fr\/ergotherapie\/?lang=fr#breadcrumb"},"inLanguage":"fr-FR","potentialAction":[{"@type":"ReadAction","target":["https:\/\/santecirclehealth.com\/fr\/ergotherapie\/?lang=fr"]}]},{"@type":"BreadcrumbList","@id":"https:\/\/santecirclehealth.com\/fr\/ergotherapie\/?lang=fr#breadcrumb","itemListElement":[{"@type":"ListItem","position":1,"name":"Home","item":"https:\/\/santecirclehealth.com\/fr\/?lang=fr"},{"@type":"ListItem","position":2,"name":"Ergoth\u00e9rapie"}]},{"@type":"WebSite","@id":"https:\/\/santecirclehealth.com\/?lang=fr#website","url":"https:\/\/santecirclehealth.com\/?lang=fr","name":"Sante Circle Health","description":"Health Care","publisher":{"@id":"https:\/\/santecirclehealth.com\/?lang=fr#organization"},"potentialAction":[{"@type":"SearchAction","target":{"@type":"EntryPoint","urlTemplate":"https:\/\/santecirclehealth.com\/?lang=fr?s={search_term_string}"},"query-input":{"@type":"PropertyValueSpecification","valueRequired":true,"valueName":"search_term_string"}}],"inLanguage":"fr-FR"},{"@type":"Organization","@id":"https:\/\/santecirclehealth.com\/?lang=fr#organization","name":"Sante Circle Health","url":"https:\/\/santecirclehealth.com\/?lang=fr","logo":{"@type":"ImageObject","inLanguage":"fr-FR","@id":"https:\/\/santecirclehealth.com\/?lang=fr#\/schema\/logo\/image\/","url":"https:\/\/santecirclehealth.com\/wp-content\/uploads\/2023\/04\/Logo-long-with-circle-on-left.png","contentUrl":"https:\/\/santecirclehealth.com\/wp-content\/uploads\/2023\/04\/Logo-long-with-circle-on-left.png","width":329,"height":68,"caption":"Sante Circle Health"},"image":{"@id":"https:\/\/santecirclehealth.com\/?lang=fr#\/schema\/logo\/image\/"},"sameAs":["https:\/\/www.facebook.com\/people\/Sant-Circle-Health\/100064844659711\/"]}]}},"_links":{"self":[{"href":"https:\/\/santecirclehealth.com\/fr\/wp-json\/wp\/v2\/pages\/2110","targetHints":{"allow":["GET"]}}],"collection":[{"href":"https:\/\/santecirclehealth.com\/fr\/wp-json\/wp\/v2\/pages"}],"about":[{"href":"https:\/\/santecirclehealth.com\/fr\/wp-json\/wp\/v2\/types\/page"}],"author":[{"embeddable":true,"href":"https:\/\/santecirclehealth.com\/fr\/wp-json\/wp\/v2\/users\/1"}],"replies":[{"embeddable":true,"href":"https:\/\/santecirclehealth.com\/fr\/wp-json\/wp\/v2\/comments?post=2110"}],"version-history":[{"count":0,"href":"https:\/\/santecirclehealth.com\/fr\/wp-json\/wp\/v2\/pages\/2110\/revisions"}],"wp:attachment":[{"href":"https:\/\/santecirclehealth.com\/fr\/wp-json\/wp\/v2\/media?parent=2110"}],"curies":[{"name":"wp","href":"https:\/\/api.w.org\/{rel}","templated":true}]}}