{"id":2116,"date":"2020-07-27T21:48:35","date_gmt":"2020-07-28T01:48:35","guid":{"rendered":"https:\/\/santecirclehealth.com\/blessure-ou-maladie\/"},"modified":"2023-12-13T12:06:49","modified_gmt":"2023-12-13T17:06:49","slug":"ergonomie-analyse-des-exigences-du-travail-comportement-physique-et-cognitif","status":"publish","type":"page","link":"https:\/\/santecirclehealth.com\/fr\/ergonomie-analyse-des-exigences-du-travail-comportement-physique-et-cognitif\/?lang=fr","title":{"rendered":"Ergonomie\/Analyse des exigences du travail\/Comportement physique et cognitif"},"content":{"rendered":"<div class=\"fusion-fullwidth fullwidth-box fusion-builder-row-1 fusion-flex-container nonhundred-percent-fullwidth non-hundred-percent-height-scrolling\" style=\"--awb-border-radius-top-left:0px;--awb-border-radius-top-right:0px;--awb-border-radius-bottom-right:0px;--awb-border-radius-bottom-left:0px;--awb-flex-wrap:wrap;\" ><div class=\"fusion-builder-row fusion-row fusion-flex-align-items-flex-start fusion-flex-content-wrap\" style=\"max-width:1248px;margin-left: calc(-4% \/ 2 );margin-right: calc(-4% \/ 2 );\"><div class=\"fusion-layout-column fusion_builder_column fusion-builder-column-0 fusion_builder_column_1_1 1_1 fusion-flex-column\" style=\"--awb-bg-size:cover;--awb-width-large:100%;--awb-margin-top-large:0px;--awb-spacing-right-large:1.92%;--awb-margin-bottom-large:20px;--awb-spacing-left-large:1.92%;--awb-width-medium:100%;--awb-order-medium:0;--awb-spacing-right-medium:1.92%;--awb-spacing-left-medium:1.92%;--awb-width-small:100%;--awb-order-small:0;--awb-spacing-right-small:1.92%;--awb-spacing-left-small:1.92%;\"><div class=\"fusion-column-wrapper fusion-column-has-shadow fusion-flex-justify-content-flex-start fusion-content-layout-column\"><div class=\"fusion-text fusion-text-1\" style=\"--awb-content-alignment:left;\"><h2 class=\"p1\"><span class=\"s1\">Ergonomie\/Analyse des exigences du travail\/Comportement physique et cognitif<\/span><\/h2>\n<\/div><div class=\"fusion-separator fusion-full-width-sep\" style=\"align-self: center;margin-left: auto;margin-right: auto;margin-bottom:50px;width:100%;\"><\/div><div class=\"fusion-text fusion-text-2\" style=\"--awb-content-alignment:left;\"><h5 class=\"p1\"><strong><span class=\"s1\">\u00c9valuations ergonomiques<\/span><\/strong><\/h5>\n<\/div><div class=\"fusion-separator fusion-full-width-sep\" style=\"align-self: center;margin-left: auto;margin-right: auto;margin-bottom:20px;width:100%;\"><\/div><div class=\"fusion-text fusion-text-3\" style=\"--awb-content-alignment:left;\"><h5 class=\"p1\"><span class=\"s1\">Des \u00e9valuations et des consultations ergonomiques peuvent \u00eatre effectu\u00e9es pour tous les emplois (par exemple, environnement de bureau, industrie\/fabrication, soins de sant\u00e9).<\/span><\/h5>\n<h5 class=\"p1\"><span class=\"s1\">Nos professionnels de l&#8217;ergonomie participent aux \u00e9valuations des risques ergonomiques pour des t\u00e2ches sp\u00e9cifiques et travaillent avec diverses parties prenantes sur place (par exemple, les ressources humaines, la sant\u00e9 et la s\u00e9curit\u00e9, les \u00e9quipes de direction\/gestion, l&#8217;ing\u00e9nierie) pour aider \u00e0\u00a0:<\/span><\/h5>\n<\/div><div class=\"fusion-separator fusion-full-width-sep\" style=\"align-self: center;margin-left: auto;margin-right: auto;margin-bottom:20px;width:100%;\"><\/div><ul style=\"--awb-line-height:27.2px;--awb-icon-width:27.2px;--awb-icon-height:27.2px;--awb-icon-margin:11.2px;--awb-content-margin:38.4px;--awb-circlecolor:#65bc7b;--awb-circle-yes-font-size:14.08px;\" class=\"fusion-checklist fusion-checklist-1 fusion-checklist-default type-icons\"><li class=\"fusion-li-item\" style=\"\"><span class=\"icon-wrapper circle-yes\"><i class=\"fusion-li-icon fa-check fas\" aria-hidden=\"true\"><\/i><\/span><div class=\"fusion-li-item-content\">\n<h5><span class=\"s2\">Pr\u00e9vention des blessures<\/span><\/h5>\n<\/div><\/li><li class=\"fusion-li-item\" style=\"\"><span class=\"icon-wrapper circle-yes\"><i class=\"fusion-li-icon fa-check fas\" aria-hidden=\"true\"><\/i><\/span><div class=\"fusion-li-item-content\">\n<h5><span class=\"s2\">R\u00e9duire les facteurs de risque ergonomiques de blessure<\/span><\/h5>\n<\/div><\/li><li class=\"fusion-li-item\" style=\"\"><span class=\"icon-wrapper circle-yes\"><i class=\"fusion-li-icon fa-check fas\" aria-hidden=\"true\"><\/i><\/span><div class=\"fusion-li-item-content\">\n<h5><span class=\"s2\">Am\u00e9lioration du flux de travail<\/span><\/h5>\n<\/div><\/li><li class=\"fusion-li-item\" style=\"\"><span class=\"icon-wrapper circle-yes\"><i class=\"fusion-li-icon fa-check fas\" aria-hidden=\"true\"><\/i><\/span><div class=\"fusion-li-item-content\">\n<h5><span class=\"s2\">Associer les donn\u00e9es sur les blessures aux frais m\u00e9dicaux pour une analyse co\u00fbts-avantages afin d&#8217;aider aux d\u00e9cisions de changement ergonomique<\/span><\/h5>\n<\/div><\/li><li class=\"fusion-li-item\" style=\"\"><span class=\"icon-wrapper circle-yes\"><i class=\"fusion-li-icon fa-check fas\" aria-hidden=\"true\"><\/i><\/span><div class=\"fusion-li-item-content\">\n<h5><span class=\"s2\">Soutenir le processus de gestion de l&#8217;invalidit\u00e9 pour le maintien au travail, le retour au travail et l&#8217;adaptation \u00e0 l&#8217;emploi<\/span><\/h5>\n<\/div><\/li><\/ul><div class=\"fusion-separator fusion-full-width-sep\" style=\"align-self: center;margin-left: auto;margin-right: auto;margin-bottom:50px;width:100%;\"><\/div><div class=\"fusion-text fusion-text-4\" style=\"--awb-content-alignment:left;\"><h5 class=\"p1\"><strong><span class=\"s1\">Analyse des demandes d\u2019emploi<\/span><\/strong><\/h5>\n<\/div><div class=\"fusion-separator fusion-full-width-sep\" style=\"align-self: center;margin-left: auto;margin-right: auto;margin-bottom:20px;width:100%;\"><\/div><div class=\"fusion-text fusion-text-5\" style=\"--awb-content-alignment:left;\"><h5 class=\"p1\"><span class=\"s1\">L&#8217;analyse des exigences du travail est une proc\u00e9dure syst\u00e9mique qui quantifie et mesure objectivement les t\u00e2ches physiques, psychosociales et environnementales d&#8217;un travail.<\/span><\/h5>\n<h5 class=\"p1\"><span class=\"s1\">Notre analyse aidera le processus de gestion des blessures qui comprend les \u00e9l\u00e9ments suivants:<\/span><\/h5>\n<\/div><div class=\"fusion-separator fusion-full-width-sep\" style=\"align-self: center;margin-left: auto;margin-right: auto;margin-bottom:20px;width:100%;\"><\/div><ul style=\"--awb-line-height:27.2px;--awb-icon-width:27.2px;--awb-icon-height:27.2px;--awb-icon-margin:11.2px;--awb-content-margin:38.4px;--awb-circlecolor:#65bc7b;--awb-circle-yes-font-size:14.08px;\" class=\"fusion-checklist fusion-checklist-2 fusion-checklist-default type-icons\"><li class=\"fusion-li-item\" style=\"\"><span class=\"icon-wrapper circle-yes\"><i class=\"fusion-li-icon fa-check fas\" aria-hidden=\"true\"><\/i><\/span><div class=\"fusion-li-item-content\">\n<h5><span class=\"s2\">Base pour l&#8217;identification des facteurs de risque ergonomiques et la gestion des sinistres<\/span><\/h5>\n<\/div><\/li><li class=\"fusion-li-item\" style=\"\"><span class=\"icon-wrapper circle-yes\"><i class=\"fusion-li-icon fa-check fas\" aria-hidden=\"true\"><\/i><\/span><div class=\"fusion-li-item-content\">\n<h5><span class=\"s2\">D\u00e9veloppement de programmes d&#8217;\u00e9tirement et de renforcement<\/span><\/h5>\n<\/div><\/li><li class=\"fusion-li-item\" style=\"\"><span class=\"icon-wrapper circle-yes\"><i class=\"fusion-li-icon fa-check fas\" aria-hidden=\"true\"><\/i><\/span><div class=\"fusion-li-item-content\">\n<h5><span class=\"s2\">Concevoir des rotations de poste s\u00fbres<\/span><\/h5>\n<\/div><\/li><li class=\"fusion-li-item\" style=\"\"><span class=\"icon-wrapper circle-yes\"><i class=\"fusion-li-icon fa-check fas\" aria-hidden=\"true\"><\/i><\/span><div class=\"fusion-li-item-content\">\n<h5><span class=\"s2\">Gestion de l&#8217;invalidit\u00e9 et planification du maintien au travail et du retour au travail, y compris l&#8217;adaptation \u00e0 l&#8217;emploi et \u00e0 l&#8217;adaptation<\/span><\/h5>\n<\/div><\/li><li class=\"fusion-li-item\" style=\"\"><span class=\"icon-wrapper circle-yes\"><i class=\"fusion-li-icon fa-check fas\" aria-hidden=\"true\"><\/i><\/span><div class=\"fusion-li-item-content\">\n<h5><span class=\"s2\">Conception de tests post-offre\/pr\u00e9-emploi<\/span><\/h5>\n<\/div><\/li><\/ul><div class=\"fusion-separator fusion-full-width-sep\" style=\"align-self: center;margin-left: auto;margin-right: auto;margin-top:0px;margin-bottom:30px;width:100%;\"><\/div><div class=\"fusion-text fusion-text-6\" style=\"--awb-content-alignment:left;\"><h5 class=\"p1\"><span class=\"s1\">Notre \u00e9quipe ergonomique et nos professionnels de la sant\u00e9 sont form\u00e9s pour effectuer une analyse des exigences professionnelles fond\u00e9e sur des donn\u00e9es probantes afin de d\u00e9terminer la compatibilit\u00e9 entre un travailleur et un travail sp\u00e9cifique.<\/span><\/h5>\n<\/div><\/div><\/div><\/div><\/div>","protected":false},"excerpt":{"rendered":"","protected":false},"author":1,"featured_media":0,"parent":0,"menu_order":0,"comment_status":"closed","ping_status":"closed","template":"","meta":{"footnotes":""},"class_list":["post-2116","page","type-page","status-publish","hentry"],"yoast_head":"<!-- This site is optimized with the Yoast SEO Premium plugin v26.6 (Yoast SEO v26.6) - https:\/\/yoast.com\/wordpress\/plugins\/seo\/ -->\n<title>Ergonomie\/Analyse des exigences du travail\/Comportement physique et cognitif - Sante Circle Health<\/title>\n<meta name=\"description\" content=\"Blessure ou maladie\" \/>\n<meta name=\"robots\" content=\"index, follow, max-snippet:-1, max-image-preview:large, max-video-preview:-1\" \/>\n<link rel=\"canonical\" href=\"\/fr\/https:\/\/santecirclehealth.com\/fr\/ergonomie-analyse-des-exigences-du-travail-comportement-physique-et-cognitif\/?lang=fr\/\" \/>\n<meta property=\"og:locale\" content=\"fr_FR\" \/>\n<meta property=\"og:type\" content=\"article\" \/>\n<meta property=\"og:title\" content=\"Ergonomie\/Analyse des exigences du travail\/Comportement physique et cognitif\" \/>\n<meta property=\"og:description\" content=\"Blessure ou maladie\" \/>\n<meta property=\"og:url\" content=\"\/fr\/https:\/\/santecirclehealth.com\/fr\/ergonomie-analyse-des-exigences-du-travail-comportement-physique-et-cognitif\/?lang=fr\/\" \/>\n<meta property=\"og:site_name\" content=\"Sante Circle Health\" \/>\n<meta property=\"article:publisher\" content=\"https:\/\/www.facebook.com\/people\/Sant-Circle-Health\/100064844659711\/\" \/>\n<meta property=\"article:modified_time\" content=\"2023-12-13T17:06:49+00:00\" \/>\n<meta name=\"twitter:card\" content=\"summary_large_image\" \/>\n<meta name=\"twitter:label1\" content=\"Dur\u00e9e de lecture estim\u00e9e\" \/>\n\t<meta name=\"twitter:data1\" content=\"2 minutes\" \/>\n<script type=\"application\/ld+json\" class=\"yoast-schema-graph\">{\"@context\":\"https:\/\/schema.org\",\"@graph\":[{\"@type\":\"WebPage\",\"@id\":\"https:\/\/santecirclehealth.com\/fr\/ergonomie-analyse-des-exigences-du-travail-comportement-physique-et-cognitif\/?lang=fr\",\"url\":\"https:\/\/santecirclehealth.com\/fr\/ergonomie-analyse-des-exigences-du-travail-comportement-physique-et-cognitif\/?lang=fr\",\"name\":\"Ergonomie\/Analyse des exigences du travail\/Comportement physique et cognitif - Sante Circle Health\",\"isPartOf\":{\"@id\":\"https:\/\/santecirclehealth.com\/?lang=fr#website\"},\"datePublished\":\"2020-07-28T01:48:35+00:00\",\"dateModified\":\"2023-12-13T17:06:49+00:00\",\"description\":\"Blessure ou maladie\",\"breadcrumb\":{\"@id\":\"https:\/\/santecirclehealth.com\/fr\/ergonomie-analyse-des-exigences-du-travail-comportement-physique-et-cognitif\/?lang=fr#breadcrumb\"},\"inLanguage\":\"fr-FR\",\"potentialAction\":[{\"@type\":\"ReadAction\",\"target\":[\"https:\/\/santecirclehealth.com\/fr\/ergonomie-analyse-des-exigences-du-travail-comportement-physique-et-cognitif\/?lang=fr\"]}]},{\"@type\":\"BreadcrumbList\",\"@id\":\"https:\/\/santecirclehealth.com\/fr\/ergonomie-analyse-des-exigences-du-travail-comportement-physique-et-cognitif\/?lang=fr#breadcrumb\",\"itemListElement\":[{\"@type\":\"ListItem\",\"position\":1,\"name\":\"Home\",\"item\":\"https:\/\/santecirclehealth.com\/fr\/?lang=fr\"},{\"@type\":\"ListItem\",\"position\":2,\"name\":\"Ergonomie\/Analyse des exigences du travail\/Comportement physique et cognitif\"}]},{\"@type\":\"WebSite\",\"@id\":\"https:\/\/santecirclehealth.com\/?lang=fr#website\",\"url\":\"https:\/\/santecirclehealth.com\/?lang=fr\",\"name\":\"Sante Circle Health\",\"description\":\"Health Care\",\"publisher\":{\"@id\":\"https:\/\/santecirclehealth.com\/?lang=fr#organization\"},\"potentialAction\":[{\"@type\":\"SearchAction\",\"target\":{\"@type\":\"EntryPoint\",\"urlTemplate\":\"https:\/\/santecirclehealth.com\/?lang=fr?s={search_term_string}\"},\"query-input\":{\"@type\":\"PropertyValueSpecification\",\"valueRequired\":true,\"valueName\":\"search_term_string\"}}],\"inLanguage\":\"fr-FR\"},{\"@type\":\"Organization\",\"@id\":\"https:\/\/santecirclehealth.com\/?lang=fr#organization\",\"name\":\"Sante Circle Health\",\"url\":\"https:\/\/santecirclehealth.com\/?lang=fr\",\"logo\":{\"@type\":\"ImageObject\",\"inLanguage\":\"fr-FR\",\"@id\":\"https:\/\/santecirclehealth.com\/?lang=fr#\/schema\/logo\/image\/\",\"url\":\"https:\/\/santecirclehealth.com\/wp-content\/uploads\/2023\/04\/Logo-long-with-circle-on-left.png\",\"contentUrl\":\"https:\/\/santecirclehealth.com\/wp-content\/uploads\/2023\/04\/Logo-long-with-circle-on-left.png\",\"width\":329,\"height\":68,\"caption\":\"Sante Circle Health\"},\"image\":{\"@id\":\"https:\/\/santecirclehealth.com\/?lang=fr#\/schema\/logo\/image\/\"},\"sameAs\":[\"https:\/\/www.facebook.com\/people\/Sant-Circle-Health\/100064844659711\/\"]}]}<\/script>\n<!-- \/ Yoast SEO Premium plugin. -->","yoast_head_json":{"title":"Ergonomie\/Analyse des exigences du travail\/Comportement physique et cognitif - Sante Circle Health","description":"Blessure ou maladie","robots":{"index":"index","follow":"follow","max-snippet":"max-snippet:-1","max-image-preview":"max-image-preview:large","max-video-preview":"max-video-preview:-1"},"canonical":"\/fr\/https:\/\/santecirclehealth.com\/fr\/ergonomie-analyse-des-exigences-du-travail-comportement-physique-et-cognitif\/?lang=fr\/","og_locale":"fr_FR","og_type":"article","og_title":"Ergonomie\/Analyse des exigences du travail\/Comportement physique et cognitif","og_description":"Blessure ou maladie","og_url":"\/fr\/https:\/\/santecirclehealth.com\/fr\/ergonomie-analyse-des-exigences-du-travail-comportement-physique-et-cognitif\/?lang=fr\/","og_site_name":"Sante Circle Health","article_publisher":"https:\/\/www.facebook.com\/people\/Sant-Circle-Health\/100064844659711\/","article_modified_time":"2023-12-13T17:06:49+00:00","twitter_card":"summary_large_image","twitter_misc":{"Dur\u00e9e de lecture estim\u00e9e":"2 minutes"},"schema":{"@context":"https:\/\/schema.org","@graph":[{"@type":"WebPage","@id":"https:\/\/santecirclehealth.com\/fr\/ergonomie-analyse-des-exigences-du-travail-comportement-physique-et-cognitif\/?lang=fr","url":"https:\/\/santecirclehealth.com\/fr\/ergonomie-analyse-des-exigences-du-travail-comportement-physique-et-cognitif\/?lang=fr","name":"Ergonomie\/Analyse des exigences du travail\/Comportement physique et cognitif - Sante Circle Health","isPartOf":{"@id":"https:\/\/santecirclehealth.com\/?lang=fr#website"},"datePublished":"2020-07-28T01:48:35+00:00","dateModified":"2023-12-13T17:06:49+00:00","description":"Blessure ou maladie","breadcrumb":{"@id":"https:\/\/santecirclehealth.com\/fr\/ergonomie-analyse-des-exigences-du-travail-comportement-physique-et-cognitif\/?lang=fr#breadcrumb"},"inLanguage":"fr-FR","potentialAction":[{"@type":"ReadAction","target":["https:\/\/santecirclehealth.com\/fr\/ergonomie-analyse-des-exigences-du-travail-comportement-physique-et-cognitif\/?lang=fr"]}]},{"@type":"BreadcrumbList","@id":"https:\/\/santecirclehealth.com\/fr\/ergonomie-analyse-des-exigences-du-travail-comportement-physique-et-cognitif\/?lang=fr#breadcrumb","itemListElement":[{"@type":"ListItem","position":1,"name":"Home","item":"https:\/\/santecirclehealth.com\/fr\/?lang=fr"},{"@type":"ListItem","position":2,"name":"Ergonomie\/Analyse des exigences du travail\/Comportement physique et cognitif"}]},{"@type":"WebSite","@id":"https:\/\/santecirclehealth.com\/?lang=fr#website","url":"https:\/\/santecirclehealth.com\/?lang=fr","name":"Sante Circle Health","description":"Health Care","publisher":{"@id":"https:\/\/santecirclehealth.com\/?lang=fr#organization"},"potentialAction":[{"@type":"SearchAction","target":{"@type":"EntryPoint","urlTemplate":"https:\/\/santecirclehealth.com\/?lang=fr?s={search_term_string}"},"query-input":{"@type":"PropertyValueSpecification","valueRequired":true,"valueName":"search_term_string"}}],"inLanguage":"fr-FR"},{"@type":"Organization","@id":"https:\/\/santecirclehealth.com\/?lang=fr#organization","name":"Sante Circle Health","url":"https:\/\/santecirclehealth.com\/?lang=fr","logo":{"@type":"ImageObject","inLanguage":"fr-FR","@id":"https:\/\/santecirclehealth.com\/?lang=fr#\/schema\/logo\/image\/","url":"https:\/\/santecirclehealth.com\/wp-content\/uploads\/2023\/04\/Logo-long-with-circle-on-left.png","contentUrl":"https:\/\/santecirclehealth.com\/wp-content\/uploads\/2023\/04\/Logo-long-with-circle-on-left.png","width":329,"height":68,"caption":"Sante Circle Health"},"image":{"@id":"https:\/\/santecirclehealth.com\/?lang=fr#\/schema\/logo\/image\/"},"sameAs":["https:\/\/www.facebook.com\/people\/Sant-Circle-Health\/100064844659711\/"]}]}},"_links":{"self":[{"href":"https:\/\/santecirclehealth.com\/fr\/wp-json\/wp\/v2\/pages\/2116","targetHints":{"allow":["GET"]}}],"collection":[{"href":"https:\/\/santecirclehealth.com\/fr\/wp-json\/wp\/v2\/pages"}],"about":[{"href":"https:\/\/santecirclehealth.com\/fr\/wp-json\/wp\/v2\/types\/page"}],"author":[{"embeddable":true,"href":"https:\/\/santecirclehealth.com\/fr\/wp-json\/wp\/v2\/users\/1"}],"replies":[{"embeddable":true,"href":"https:\/\/santecirclehealth.com\/fr\/wp-json\/wp\/v2\/comments?post=2116"}],"version-history":[{"count":0,"href":"https:\/\/santecirclehealth.com\/fr\/wp-json\/wp\/v2\/pages\/2116\/revisions"}],"wp:attachment":[{"href":"https:\/\/santecirclehealth.com\/fr\/wp-json\/wp\/v2\/media?parent=2116"}],"curies":[{"name":"wp","href":"https:\/\/api.w.org\/{rel}","templated":true}]}}