{"id":2774,"date":"2022-08-07T19:57:17","date_gmt":"2022-08-07T23:57:17","guid":{"rendered":"https:\/\/santecirclehealth.com\/?page_id=2774"},"modified":"2023-12-13T12:43:13","modified_gmt":"2023-12-13T17:43:13","slug":"therapie-physiotherapie-chiropratique-et-massotherapie","status":"publish","type":"page","link":"https:\/\/santecirclehealth.com\/fr\/therapie-physiotherapie-chiropratique-et-massotherapie\/?lang=fr","title":{"rendered":"Th\u00e9rapie \u2013 Physioth\u00e9rapie, Chiropratique et Massoth\u00e9rapie"},"content":{"rendered":"<div class=\"fusion-fullwidth fullwidth-box fusion-builder-row-1 fusion-flex-container nonhundred-percent-fullwidth non-hundred-percent-height-scrolling\" style=\"--awb-border-radius-top-left:0px;--awb-border-radius-top-right:0px;--awb-border-radius-bottom-right:0px;--awb-border-radius-bottom-left:0px;--awb-flex-wrap:wrap;\" ><div class=\"fusion-builder-row fusion-row fusion-flex-align-items-flex-start fusion-flex-content-wrap\" style=\"max-width:1248px;margin-left: calc(-4% \/ 2 );margin-right: calc(-4% \/ 2 );\"><div class=\"fusion-layout-column fusion_builder_column fusion-builder-column-0 fusion_builder_column_1_1 1_1 fusion-flex-column\" style=\"--awb-bg-size:cover;--awb-width-large:100%;--awb-margin-top-large:0px;--awb-spacing-right-large:1.92%;--awb-margin-bottom-large:20px;--awb-spacing-left-large:1.92%;--awb-width-medium:100%;--awb-order-medium:0;--awb-spacing-right-medium:1.92%;--awb-spacing-left-medium:1.92%;--awb-width-small:100%;--awb-order-small:0;--awb-spacing-right-small:1.92%;--awb-spacing-left-small:1.92%;\"><div class=\"fusion-column-wrapper fusion-column-has-shadow fusion-flex-justify-content-flex-start fusion-content-layout-column\"><div class=\"fusion-text fusion-text-1\" style=\"--awb-content-alignment:left;\"><div class=\"fusion-text fusion-text-2\">\n<h2 class=\"p1\"><span class=\"s1\">Th\u00e9rapie \u2013 Physioth\u00e9rapie, Chiropratique et Massoth\u00e9rapie<\/span><\/h2>\n<\/div>\n<\/div><div class=\"fusion-separator fusion-full-width-sep\" style=\"align-self: center;margin-left: auto;margin-right: auto;margin-top:50px;margin-bottom:50px;width:100%;\"><\/div><div class=\"fusion-text fusion-text-2 fusion-text-no-margin\" style=\"--awb-content-alignment:left;--awb-margin-bottom:30px;\"><h5 class=\"p1\"><span class=\"s1\">Nous fournissons un continuum de services dans le cadre d\u2019un mod\u00e8le de soins de r\u00e9tablissement apr\u00e8s une blessure en milieu de travail en faisant en sorte que des physioth\u00e9rapeutes, des chiropraticiens et\/ou des massoth\u00e9rapeutes agr\u00e9\u00e9s prodiguent des soins aux employ\u00e9s bless\u00e9s et aux athl\u00e8tes industriels.<\/span><\/h5>\n<h5 class=\"p1\"><\/h5>\n<\/div><div class=\"fusion-text fusion-text-3 fusion-text-no-margin\" style=\"--awb-content-alignment:left;--awb-margin-bottom:30px;\"><h5 class=\"p1\"><span class=\"s1\">Ces services aident les individus dans leur r\u00e9tablissement \u00e0 restaurer leurs capacit\u00e9s et leur fonction gr\u00e2ce \u00e0 une vari\u00e9t\u00e9 de techniques professionnelles telles que la th\u00e9rapie manuelle, ART, la mobilisation et l\u2019exercice.<\/span><\/h5>\n<h5 class=\"p1\"><\/h5>\n<\/div><div class=\"fusion-text fusion-text-4 fusion-text-no-margin\" style=\"--awb-content-alignment:left;--awb-margin-bottom:30px;\"><h5 class=\"p1\"><span class=\"s1\">Nous avons un mod\u00e8le de r\u00e9cup\u00e9ration ferm\u00e9e qui identifie divers obstacles \u00e0 la r\u00e9alisation des capacit\u00e9s fonctionnelles et de retour au travail. Nous appliquons ensuite ces barri\u00e8res au mod\u00e8le biopsychosocial pour modifier le traitement en aidant \u00e0 optimiser la fonction de la personne bless\u00e9e.<\/span><\/h5>\n<\/div><div class=\"fusion-separator fusion-full-width-sep\" style=\"align-self: center;margin-left: auto;margin-right: auto;margin-top:0px;margin-bottom:30px;width:100%;\"><\/div><\/div><\/div><\/div><\/div>","protected":false},"excerpt":{"rendered":"","protected":false},"author":1,"featured_media":0,"parent":0,"menu_order":0,"comment_status":"closed","ping_status":"closed","template":"","meta":{"footnotes":""},"class_list":["post-2774","page","type-page","status-publish","hentry"],"yoast_head":"<!-- This site is optimized with the Yoast SEO Premium plugin v26.6 (Yoast SEO v26.6) - https:\/\/yoast.com\/wordpress\/plugins\/seo\/ -->\n<title>Th\u00e9rapie \u2013 Physioth\u00e9rapie, Chiropratique et Massoth\u00e9rapie - Sante Circle Health<\/title>\n<meta name=\"robots\" content=\"index, follow, max-snippet:-1, max-image-preview:large, max-video-preview:-1\" \/>\n<link rel=\"canonical\" href=\"\/fr\/https:\/\/santecirclehealth.com\/fr\/therapie-physiotherapie-chiropratique-et-massotherapie\/?lang=fr\/\" \/>\n<meta property=\"og:locale\" content=\"fr_FR\" \/>\n<meta property=\"og:type\" content=\"article\" \/>\n<meta property=\"og:title\" content=\"Th\u00e9rapie \u2013 Physioth\u00e9rapie, Chiropratique et Massoth\u00e9rapie\" \/>\n<meta property=\"og:url\" content=\"\/fr\/https:\/\/santecirclehealth.com\/fr\/therapie-physiotherapie-chiropratique-et-massotherapie\/?lang=fr\/\" \/>\n<meta property=\"og:site_name\" content=\"Sante Circle Health\" \/>\n<meta property=\"article:publisher\" content=\"https:\/\/www.facebook.com\/people\/Sant-Circle-Health\/100064844659711\/\" \/>\n<meta property=\"article:modified_time\" content=\"2023-12-13T17:43:13+00:00\" \/>\n<meta name=\"twitter:card\" content=\"summary_large_image\" \/>\n<meta name=\"twitter:label1\" content=\"Dur\u00e9e de lecture estim\u00e9e\" \/>\n\t<meta name=\"twitter:data1\" content=\"1 minute\" \/>\n<script type=\"application\/ld+json\" class=\"yoast-schema-graph\">{\"@context\":\"https:\/\/schema.org\",\"@graph\":[{\"@type\":\"WebPage\",\"@id\":\"https:\/\/santecirclehealth.com\/fr\/therapie-physiotherapie-chiropratique-et-massotherapie\/?lang=fr\",\"url\":\"https:\/\/santecirclehealth.com\/fr\/therapie-physiotherapie-chiropratique-et-massotherapie\/?lang=fr\",\"name\":\"Th\u00e9rapie \u2013 Physioth\u00e9rapie, Chiropratique et Massoth\u00e9rapie - Sante Circle Health\",\"isPartOf\":{\"@id\":\"https:\/\/santecirclehealth.com\/?lang=fr#website\"},\"datePublished\":\"2022-08-07T23:57:17+00:00\",\"dateModified\":\"2023-12-13T17:43:13+00:00\",\"breadcrumb\":{\"@id\":\"https:\/\/santecirclehealth.com\/fr\/therapie-physiotherapie-chiropratique-et-massotherapie\/?lang=fr#breadcrumb\"},\"inLanguage\":\"fr-FR\",\"potentialAction\":[{\"@type\":\"ReadAction\",\"target\":[\"https:\/\/santecirclehealth.com\/fr\/therapie-physiotherapie-chiropratique-et-massotherapie\/?lang=fr\"]}]},{\"@type\":\"BreadcrumbList\",\"@id\":\"https:\/\/santecirclehealth.com\/fr\/therapie-physiotherapie-chiropratique-et-massotherapie\/?lang=fr#breadcrumb\",\"itemListElement\":[{\"@type\":\"ListItem\",\"position\":1,\"name\":\"Home\",\"item\":\"https:\/\/santecirclehealth.com\/fr\/?lang=fr\"},{\"@type\":\"ListItem\",\"position\":2,\"name\":\"Th\u00e9rapie \u2013 Physioth\u00e9rapie, Chiropratique et Massoth\u00e9rapie\"}]},{\"@type\":\"WebSite\",\"@id\":\"https:\/\/santecirclehealth.com\/?lang=fr#website\",\"url\":\"https:\/\/santecirclehealth.com\/?lang=fr\",\"name\":\"Sante Circle Health\",\"description\":\"Health Care\",\"publisher\":{\"@id\":\"https:\/\/santecirclehealth.com\/?lang=fr#organization\"},\"potentialAction\":[{\"@type\":\"SearchAction\",\"target\":{\"@type\":\"EntryPoint\",\"urlTemplate\":\"https:\/\/santecirclehealth.com\/?lang=fr?s={search_term_string}\"},\"query-input\":{\"@type\":\"PropertyValueSpecification\",\"valueRequired\":true,\"valueName\":\"search_term_string\"}}],\"inLanguage\":\"fr-FR\"},{\"@type\":\"Organization\",\"@id\":\"https:\/\/santecirclehealth.com\/?lang=fr#organization\",\"name\":\"Sante Circle Health\",\"url\":\"https:\/\/santecirclehealth.com\/?lang=fr\",\"logo\":{\"@type\":\"ImageObject\",\"inLanguage\":\"fr-FR\",\"@id\":\"https:\/\/santecirclehealth.com\/?lang=fr#\/schema\/logo\/image\/\",\"url\":\"https:\/\/santecirclehealth.com\/wp-content\/uploads\/2023\/04\/Logo-long-with-circle-on-left.png\",\"contentUrl\":\"https:\/\/santecirclehealth.com\/wp-content\/uploads\/2023\/04\/Logo-long-with-circle-on-left.png\",\"width\":329,\"height\":68,\"caption\":\"Sante Circle Health\"},\"image\":{\"@id\":\"https:\/\/santecirclehealth.com\/?lang=fr#\/schema\/logo\/image\/\"},\"sameAs\":[\"https:\/\/www.facebook.com\/people\/Sant-Circle-Health\/100064844659711\/\"]}]}<\/script>\n<!-- \/ Yoast SEO Premium plugin. -->","yoast_head_json":{"title":"Th\u00e9rapie \u2013 Physioth\u00e9rapie, Chiropratique et Massoth\u00e9rapie - Sante Circle Health","robots":{"index":"index","follow":"follow","max-snippet":"max-snippet:-1","max-image-preview":"max-image-preview:large","max-video-preview":"max-video-preview:-1"},"canonical":"\/fr\/https:\/\/santecirclehealth.com\/fr\/therapie-physiotherapie-chiropratique-et-massotherapie\/?lang=fr\/","og_locale":"fr_FR","og_type":"article","og_title":"Th\u00e9rapie \u2013 Physioth\u00e9rapie, Chiropratique et Massoth\u00e9rapie","og_url":"\/fr\/https:\/\/santecirclehealth.com\/fr\/therapie-physiotherapie-chiropratique-et-massotherapie\/?lang=fr\/","og_site_name":"Sante Circle Health","article_publisher":"https:\/\/www.facebook.com\/people\/Sant-Circle-Health\/100064844659711\/","article_modified_time":"2023-12-13T17:43:13+00:00","twitter_card":"summary_large_image","twitter_misc":{"Dur\u00e9e de lecture estim\u00e9e":"1 minute"},"schema":{"@context":"https:\/\/schema.org","@graph":[{"@type":"WebPage","@id":"https:\/\/santecirclehealth.com\/fr\/therapie-physiotherapie-chiropratique-et-massotherapie\/?lang=fr","url":"https:\/\/santecirclehealth.com\/fr\/therapie-physiotherapie-chiropratique-et-massotherapie\/?lang=fr","name":"Th\u00e9rapie \u2013 Physioth\u00e9rapie, Chiropratique et Massoth\u00e9rapie - Sante Circle Health","isPartOf":{"@id":"https:\/\/santecirclehealth.com\/?lang=fr#website"},"datePublished":"2022-08-07T23:57:17+00:00","dateModified":"2023-12-13T17:43:13+00:00","breadcrumb":{"@id":"https:\/\/santecirclehealth.com\/fr\/therapie-physiotherapie-chiropratique-et-massotherapie\/?lang=fr#breadcrumb"},"inLanguage":"fr-FR","potentialAction":[{"@type":"ReadAction","target":["https:\/\/santecirclehealth.com\/fr\/therapie-physiotherapie-chiropratique-et-massotherapie\/?lang=fr"]}]},{"@type":"BreadcrumbList","@id":"https:\/\/santecirclehealth.com\/fr\/therapie-physiotherapie-chiropratique-et-massotherapie\/?lang=fr#breadcrumb","itemListElement":[{"@type":"ListItem","position":1,"name":"Home","item":"https:\/\/santecirclehealth.com\/fr\/?lang=fr"},{"@type":"ListItem","position":2,"name":"Th\u00e9rapie \u2013 Physioth\u00e9rapie, Chiropratique et Massoth\u00e9rapie"}]},{"@type":"WebSite","@id":"https:\/\/santecirclehealth.com\/?lang=fr#website","url":"https:\/\/santecirclehealth.com\/?lang=fr","name":"Sante Circle Health","description":"Health Care","publisher":{"@id":"https:\/\/santecirclehealth.com\/?lang=fr#organization"},"potentialAction":[{"@type":"SearchAction","target":{"@type":"EntryPoint","urlTemplate":"https:\/\/santecirclehealth.com\/?lang=fr?s={search_term_string}"},"query-input":{"@type":"PropertyValueSpecification","valueRequired":true,"valueName":"search_term_string"}}],"inLanguage":"fr-FR"},{"@type":"Organization","@id":"https:\/\/santecirclehealth.com\/?lang=fr#organization","name":"Sante Circle Health","url":"https:\/\/santecirclehealth.com\/?lang=fr","logo":{"@type":"ImageObject","inLanguage":"fr-FR","@id":"https:\/\/santecirclehealth.com\/?lang=fr#\/schema\/logo\/image\/","url":"https:\/\/santecirclehealth.com\/wp-content\/uploads\/2023\/04\/Logo-long-with-circle-on-left.png","contentUrl":"https:\/\/santecirclehealth.com\/wp-content\/uploads\/2023\/04\/Logo-long-with-circle-on-left.png","width":329,"height":68,"caption":"Sante Circle Health"},"image":{"@id":"https:\/\/santecirclehealth.com\/?lang=fr#\/schema\/logo\/image\/"},"sameAs":["https:\/\/www.facebook.com\/people\/Sant-Circle-Health\/100064844659711\/"]}]}},"_links":{"self":[{"href":"https:\/\/santecirclehealth.com\/fr\/wp-json\/wp\/v2\/pages\/2774","targetHints":{"allow":["GET"]}}],"collection":[{"href":"https:\/\/santecirclehealth.com\/fr\/wp-json\/wp\/v2\/pages"}],"about":[{"href":"https:\/\/santecirclehealth.com\/fr\/wp-json\/wp\/v2\/types\/page"}],"author":[{"embeddable":true,"href":"https:\/\/santecirclehealth.com\/fr\/wp-json\/wp\/v2\/users\/1"}],"replies":[{"embeddable":true,"href":"https:\/\/santecirclehealth.com\/fr\/wp-json\/wp\/v2\/comments?post=2774"}],"version-history":[{"count":0,"href":"https:\/\/santecirclehealth.com\/fr\/wp-json\/wp\/v2\/pages\/2774\/revisions"}],"wp:attachment":[{"href":"https:\/\/santecirclehealth.com\/fr\/wp-json\/wp\/v2\/media?parent=2774"}],"curies":[{"name":"wp","href":"https:\/\/api.w.org\/{rel}","templated":true}]}}